{"id":19,"date":"2007-09-26T15:55:23","date_gmt":"2007-09-26T15:55:23","guid":{"rendered":"http:\/\/feuerwehr-breitenau.at.82-220-34-8.107.hosttech.eu\/?page_id=19"},"modified":"2020-06-10T11:10:48","modified_gmt":"2020-06-10T11:10:48","slug":"wkg","status":"publish","type":"page","link":"https:\/\/www.feuerwehr-breitenau.at\/?page_id=19","title":{"rendered":"WKG"},"content":{"rendered":"<table border=\"0\" align=\"center\">\n<tbody>\n<tr>\n<td><a href=\"https:\/\/www.feuerwehr-breitenau.at\/wp-content\/uploads\/2020\/03\/CLF_1157-scaled.jpg\"><img loading=\"lazy\" decoding=\"async\" class=\"aligncenter wp-image-3828 size-large\" src=\"https:\/\/www.feuerwehr-breitenau.at\/wp-content\/uploads\/2020\/03\/CLF_1157-1024x681.jpg\" alt=\"\" width=\"800\" height=\"532\" srcset=\"https:\/\/www.feuerwehr-breitenau.at\/wp-content\/uploads\/2020\/03\/CLF_1157-1024x681.jpg 1024w, https:\/\/www.feuerwehr-breitenau.at\/wp-content\/uploads\/2020\/03\/CLF_1157-300x200.jpg 300w, https:\/\/www.feuerwehr-breitenau.at\/wp-content\/uploads\/2020\/03\/CLF_1157-768x511.jpg 768w, https:\/\/www.feuerwehr-breitenau.at\/wp-content\/uploads\/2020\/03\/CLF_1157-1536x1022.jpg 1536w, https:\/\/www.feuerwehr-breitenau.at\/wp-content\/uploads\/2020\/03\/CLF_1157-2048x1363.jpg 2048w\" sizes=\"auto, (max-width: 800px) 100vw, 800px\" \/><\/a><\/td>\n<\/tr>\n<tr align=\"center\">\n<td style=\"text-align: center;\">\u00a0<strong><span style=\"font-family: Arial;\">Die Wettkampfgruppe der FF Breitenau stellt sich vor<\/span><\/strong><span style=\"font-size: 14pt; font-family: arial,helvetica,sans-serif;\"><span style=\"font-size: 14pt;\"><b><\/b><br \/>\n<\/span><\/span>F\u00fcr weitere Informationen w\u00e4hlen Sie bitte die unteren Men\u00fcebenen!<\/td>\n<\/tr>\n<\/tbody>\n<\/table>\n","protected":false},"excerpt":{"rendered":"<p>\u00a0Die Wettkampfgruppe der FF Breitenau stellt sich vor F\u00fcr weitere Informationen w\u00e4hlen Sie bitte die unteren Men\u00fcebenen!<\/p>\n","protected":false},"author":7,"featured_media":0,"parent":0,"menu_order":25,"comment_status":"closed","ping_status":"closed","template":"","meta":{"colormag_page_container_layout":"default_layout","colormag_page_sidebar_layout":"default_layout","footnotes":""},"class_list":["post-19","page","type-page","status-publish","hentry"],"_links":{"self":[{"href":"https:\/\/www.feuerwehr-breitenau.at\/index.php?rest_route=\/wp\/v2\/pages\/19","targetHints":{"allow":["GET"]}}],"collection":[{"href":"https:\/\/www.feuerwehr-breitenau.at\/index.php?rest_route=\/wp\/v2\/pages"}],"about":[{"href":"https:\/\/www.feuerwehr-breitenau.at\/index.php?rest_route=\/wp\/v2\/types\/page"}],"author":[{"embeddable":true,"href":"https:\/\/www.feuerwehr-breitenau.at\/index.php?rest_route=\/wp\/v2\/users\/7"}],"replies":[{"embeddable":true,"href":"https:\/\/www.feuerwehr-breitenau.at\/index.php?rest_route=%2Fwp%2Fv2%2Fcomments&post=19"}],"version-history":[{"count":7,"href":"https:\/\/www.feuerwehr-breitenau.at\/index.php?rest_route=\/wp\/v2\/pages\/19\/revisions"}],"predecessor-version":[{"id":3882,"href":"https:\/\/www.feuerwehr-breitenau.at\/index.php?rest_route=\/wp\/v2\/pages\/19\/revisions\/3882"}],"wp:attachment":[{"href":"https:\/\/www.feuerwehr-breitenau.at\/index.php?rest_route=%2Fwp%2Fv2%2Fmedia&parent=19"}],"curies":[{"name":"wp","href":"https:\/\/api.w.org\/{rel}","templated":true}]}}